{"id":2319,"date":"2025-05-03T09:28:18","date_gmt":"2025-05-03T09:28:18","guid":{"rendered":"https:\/\/rest1.menuimpact.com\/aviso-legal-version-demo\/"},"modified":"2025-05-08T12:10:48","modified_gmt":"2025-05-08T12:10:48","slug":"aviso-legal-version-demo","status":"publish","type":"page","link":"https:\/\/rest1.menuimpact.com\/es\/aviso-legal-version-demo\/","title":{"rendered":"Aviso legal &#8211; Versi\u00f3n demo"},"content":{"rendered":"\n<div style=\"height:44px\" aria-hidden=\"true\" class=\"wp-block-spacer\"><\/div>\n\n<div class=\"wp-block-uagb-advanced-heading uagb-block-16d54363\"><h2 class=\"uagb-heading-text\">AVISO LEGAL &#8211; VERSI\u00d3N LEGAL<\/h2><\/div>\n\n<p>Este es un sitio web de demostraci\u00f3n creado para mostrar el dise\u00f1o y la funcionalidad. El contenido que aqu\u00ed se presenta, incluidas las referencias a la Pol\u00edtica de privacidad, la Pol\u00edtica de cookies y el Aviso legal, s\u00f3lo tiene fines ilustrativos. <\/p>\n\n<p>En este sitio no se recopilan ni procesan datos reales de los usuarios, y no se utilizan cookies m\u00e1s all\u00e1 de las necesarias para la visualizaci\u00f3n b\u00e1sica de demostraciones (si las hubiera).<\/p>\n\n<p>Todos los textos legales (Pol\u00edtica de privacidad, Pol\u00edtica de cookies, Descargo de responsabilidad) se personalizar\u00e1n e implementar\u00e1n adecuadamente en la versi\u00f3n final para el restaurante cliente, de acuerdo con la normativa local y las necesidades del negocio.<\/p>\n\n<p>Si est\u00e1s revisando esta demo y deseas m\u00e1s informaci\u00f3n o una versi\u00f3n personalizada, ponte en contacto con nosotros a trav\u00e9s de la p\u00e1gina de contacto.<\/p>\n\n<div class=\"wp-block-buttons is-layout-flex wp-block-buttons-is-layout-flex\">\n<div class=\"wp-block-button\"><a class=\"wp-block-button__link wp-element-button\" href=\"https:\/\/rest1.menuimpact.com\/es\/\">volver a la demo<\/a><\/div>\n<\/div>\n\n<p><\/p>\n","protected":false},"excerpt":{"rendered":"<p>AVISO LEGAL &#8211; VERSI\u00d3N LEGAL Este es un sitio web de demostraci\u00f3n creado para mostrar el dise\u00f1o y la funcionalidad. El contenido que aqu\u00ed se presenta, incluidas las referencias a la Pol\u00edtica de privacidad, la Pol\u00edtica de cookies y el Aviso legal, s\u00f3lo tiene fines ilustrativos. En este sitio no se recopilan ni procesan datos [&hellip;]<\/p>\n","protected":false},"author":1,"featured_media":0,"parent":0,"menu_order":0,"comment_status":"closed","ping_status":"closed","template":"","meta":{"_uag_custom_page_level_css":"","site-sidebar-layout":"no-sidebar","site-content-layout":"","ast-site-content-layout":"default","site-content-style":"default","site-sidebar-style":"default","ast-global-header-display":"","ast-banner-title-visibility":"","ast-main-header-display":"","ast-hfb-above-header-display":"","ast-hfb-below-header-display":"","ast-hfb-mobile-header-display":"","site-post-title":"disabled","ast-breadcrumbs-content":"","ast-featured-img":"","footer-sml-layout":"","theme-transparent-header-meta":"","adv-header-id-meta":"","stick-header-meta":"","header-above-stick-meta":"","header-main-stick-meta":"","header-below-stick-meta":"","astra-migrate-meta-layouts":"default","ast-page-background-enabled":"default","ast-page-background-meta":{"desktop":{"background-color":"var(--ast-global-color-4)","background-image":"","background-repeat":"repeat","background-position":"center center","background-size":"auto","background-attachment":"scroll","background-type":"","background-media":"","overlay-type":"","overlay-color":"","overlay-opacity":"","overlay-gradient":""},"tablet":{"background-color":"","background-image":"","background-repeat":"repeat","background-position":"center center","background-size":"auto","background-attachment":"scroll","background-type":"","background-media":"","overlay-type":"","overlay-color":"","overlay-opacity":"","overlay-gradient":""},"mobile":{"background-color":"","background-image":"","background-repeat":"repeat","background-position":"center center","background-size":"auto","background-attachment":"scroll","background-type":"","background-media":"","overlay-type":"","overlay-color":"","overlay-opacity":"","overlay-gradient":""}},"ast-content-background-meta":{"desktop":{"background-color":"var(--ast-global-color-5)","background-image":"","background-repeat":"repeat","background-position":"center center","background-size":"auto","background-attachment":"scroll","background-type":"","background-media":"","overlay-type":"","overlay-color":"","overlay-opacity":"","overlay-gradient":""},"tablet":{"background-color":"var(--ast-global-color-5)","background-image":"","background-repeat":"repeat","background-position":"center center","background-size":"auto","background-attachment":"scroll","background-type":"","background-media":"","overlay-type":"","overlay-color":"","overlay-opacity":"","overlay-gradient":""},"mobile":{"background-color":"var(--ast-global-color-5)","background-image":"","background-repeat":"repeat","background-position":"center center","background-size":"auto","background-attachment":"scroll","background-type":"","background-media":"","overlay-type":"","overlay-color":"","overlay-opacity":"","overlay-gradient":""}},"footnotes":""},"class_list":["post-2319","page","type-page","status-publish","hentry"],"uagb_featured_image_src":{"full":false,"thumbnail":false,"medium":false,"medium_large":false,"large":false,"etfrtb_logo":false,"1536x1536":false,"2048x2048":false,"fdm-item-thumb":false},"uagb_author_info":{"display_name":"mculzoni@hotmail.com","author_link":"https:\/\/rest1.menuimpact.com\/es\/author\/mculzonihotmail-com\/"},"uagb_comment_info":0,"uagb_excerpt":"AVISO LEGAL &#8211; VERSI\u00d3N LEGAL Este es un sitio web de demostraci\u00f3n creado para mostrar el dise\u00f1o y la funcionalidad. El contenido que aqu\u00ed se presenta, incluidas las referencias a la Pol\u00edtica de privacidad, la Pol\u00edtica de cookies y el Aviso legal, s\u00f3lo tiene fines ilustrativos. En este sitio no se recopilan ni procesan datos&hellip;","_links":{"self":[{"href":"https:\/\/rest1.menuimpact.com\/es\/wp-json\/wp\/v2\/pages\/2319","targetHints":{"allow":["GET"]}}],"collection":[{"href":"https:\/\/rest1.menuimpact.com\/es\/wp-json\/wp\/v2\/pages"}],"about":[{"href":"https:\/\/rest1.menuimpact.com\/es\/wp-json\/wp\/v2\/types\/page"}],"author":[{"embeddable":true,"href":"https:\/\/rest1.menuimpact.com\/es\/wp-json\/wp\/v2\/users\/1"}],"replies":[{"embeddable":true,"href":"https:\/\/rest1.menuimpact.com\/es\/wp-json\/wp\/v2\/comments?post=2319"}],"version-history":[{"count":1,"href":"https:\/\/rest1.menuimpact.com\/es\/wp-json\/wp\/v2\/pages\/2319\/revisions"}],"predecessor-version":[{"id":2321,"href":"https:\/\/rest1.menuimpact.com\/es\/wp-json\/wp\/v2\/pages\/2319\/revisions\/2321"}],"wp:attachment":[{"href":"https:\/\/rest1.menuimpact.com\/es\/wp-json\/wp\/v2\/media?parent=2319"}],"curies":[{"name":"wp","href":"https:\/\/api.w.org\/{rel}","templated":true}]}}